{"id":305,"date":"2019-05-02T19:52:55","date_gmt":"2019-05-02T19:52:55","guid":{"rendered":"https:\/\/www.seewee.ch\/?page_id=305"},"modified":"2019-05-06T18:07:56","modified_gmt":"2019-05-06T18:07:56","slug":"startseite","status":"publish","type":"page","link":"https:\/\/www.seewee.ch\/","title":{"rendered":"Startseite"},"content":{"rendered":"<p>[fusion_builder_container hundred_percent=&#8220;no&#8220; hundred_percent_height=&#8220;no&#8220; hundred_percent_height_scroll=&#8220;no&#8220; hundred_percent_height_center_content=&#8220;yes&#8220; equal_height_columns=&#8220;no&#8220; menu_anchor=&#8220;&#8220; hide_on_mobile=&#8220;small-visibility,medium-visibility,large-visibility&#8220; status=&#8220;published&#8220; publish_date=&#8220;&#8220; class=&#8220;&#8220; id=&#8220;&#8220; background_color=&#8220;&#8220; background_image=&#8220;&#8220; background_position=&#8220;center center&#8220; background_repeat=&#8220;no-repeat&#8220; fade=&#8220;no&#8220; background_parallax=&#8220;none&#8220; enable_mobile=&#8220;no&#8220; parallax_speed=&#8220;0.3&#8243; video_mp4=&#8220;&#8220; video_webm=&#8220;&#8220; video_ogv=&#8220;&#8220; video_url=&#8220;&#8220; video_aspect_ratio=&#8220;16:9&#8243; video_loop=&#8220;yes&#8220; video_mute=&#8220;yes&#8220; video_preview_image=&#8220;&#8220; border_size=&#8220;&#8220; border_color=&#8220;&#8220; border_style=&#8220;solid&#8220; margin_top=&#8220;&#8220; margin_bottom=&#8220;&#8220; padding_top=&#8220;&#8220; padding_right=&#8220;&#8220; padding_bottom=&#8220;&#8220; padding_left=&#8220;&#8220; admin_label=&#8220;Blickfang&#8220;][fusion_builder_row][fusion_builder_column type=&#8220;1_1&#8243; layout=&#8220;1_1&#8243; spacing=&#8220;&#8220; center_content=&#8220;no&#8220; link=&#8220;&#8220; target=&#8220;_self&#8220; min_height=&#8220;&#8220; hide_on_mobile=&#8220;small-visibility,medium-visibility,large-visibility&#8220; class=&#8220;&#8220; id=&#8220;&#8220; background_image_id=&#8220;&#8220; background_color=&#8220;&#8220; background_image=&#8220;&#8220; background_position=&#8220;left top&#8220; undefined=&#8220;&#8220; background_repeat=&#8220;no-repeat&#8220; hover_type=&#8220;none&#8220; border_size=&#8220;0&#8243; border_color=&#8220;&#8220; border_style=&#8220;solid&#8220; border_position=&#8220;all&#8220; border_radius_top_left=&#8220;&#8220; border_radius_top_right=&#8220;&#8220; border_radius_bottom_left=&#8220;&#8220; border_radius_bottom_right=&#8220;&#8220; box_shadow=&#8220;no&#8220; box_shadow_vertical=&#8220;&#8220; box_shadow_horizontal=&#8220;&#8220; box_shadow_blur=&#8220;0&#8243; box_shadow_spread=&#8220;0&#8243; box_shadow_color=&#8220;&#8220; box_shadow_style=&#8220;&#8220; padding_top=&#8220;&#8220; padding_right=&#8220;10%&#8220; padding_bottom=&#8220;&#8220; padding_left=&#8220;10%&#8220; margin_top=&#8220;&#8220; margin_bottom=&#8220;0px&#8220; animation_type=&#8220;&#8220; animation_direction=&#8220;left&#8220; animation_speed=&#8220;0.3&#8243; animation_offset=&#8220;&#8220; last=&#8220;no&#8220;][fusion_image_before_after type=&#8220;&#8220; before_image=&#8220;https:\/\/www.seewee.ch\/wp-content\/uploads\/2019\/05\/Gru\u0308ne-Wiese-400&#215;300.jpg&#8220; before_image_id=&#8220;374|medium&#8220; before_label=&#8220;&#8220; after_image=&#8220;https:\/\/www.seewee.ch\/wp-content\/uploads\/2019\/05\/Gru\u0308ne-Wiese-HDR-400&#215;300.jpeg&#8220; after_image_id=&#8220;375|medium&#8220; after_label=&#8220;&#8220; font_size=&#8220;&#8220; accent_color=&#8220;&#8220; label_placement=&#8220;&#8220; transition_time=&#8220;&#8220; handle_type=&#8220;&#8220; handle_color=&#8220;&#8220; handle_bg=&#8220;&#8220; offset=&#8220;25&#8243; orientation=&#8220;&#8220; handle_movement=&#8220;&#8220; hide_on_mobile=&#8220;small-visibility,medium-visibility,large-visibility&#8220; class=&#8220;&#8220; id=&#8220;&#8220; animation_type=&#8220;&#8220; animation_direction=&#8220;left&#8220; animation_speed=&#8220;0.3&#8243; animation_offset=&#8220;&#8220; \/][fusion_section_separator divider_type=&#8220;waves_opacity&#8220; divider_position=&#8220;left&#8220; divider_candy=&#8220;top&#8220; icon=&#8220;&#8220; icon_color=&#8220;&#8220; bordersize=&#8220;&#8220; bordercolor=&#8220;&#8220; backgroundcolor=&#8220;#333333&#8243; hide_on_mobile=&#8220;small-visibility,medium-visibility,large-visibility&#8220; class=&#8220;&#8220; id=&#8220;&#8220; \/][\/fusion_builder_column][\/fusion_builder_row][\/fusion_builder_container][fusion_builder_container admin_label=&#8220;Angebote&#8220; hundred_percent=&#8220;no&#8220; hundred_percent_height=&#8220;no&#8220; hundred_percent_height_scroll=&#8220;no&#8220; hundred_percent_height_center_content=&#8220;yes&#8220; equal_height_columns=&#8220;no&#8220; menu_anchor=&#8220;Angebote&#8220; hide_on_mobile=&#8220;small-visibility,medium-visibility,large-visibility&#8220; status=&#8220;published&#8220; publish_date=&#8220;&#8220; class=&#8220;&#8220; id=&#8220;&#8220; background_color=&#8220;#333333&#8243; background_image=&#8220;&#8220; background_position=&#8220;center center&#8220; background_repeat=&#8220;no-repeat&#8220; fade=&#8220;no&#8220; background_parallax=&#8220;none&#8220; enable_mobile=&#8220;no&#8220; parallax_speed=&#8220;0.3&#8243; video_mp4=&#8220;&#8220; video_webm=&#8220;&#8220; video_ogv=&#8220;&#8220; video_url=&#8220;&#8220; video_aspect_ratio=&#8220;16:9&#8243; video_loop=&#8220;yes&#8220; video_mute=&#8220;yes&#8220; video_preview_image=&#8220;&#8220; border_size=&#8220;&#8220; border_color=&#8220;&#8220; border_style=&#8220;solid&#8220; margin_top=&#8220;&#8220; margin_bottom=&#8220;&#8220; padding_top=&#8220;&#8220; padding_right=&#8220;&#8220; padding_bottom=&#8220;&#8220; padding_left=&#8220;&#8220;][fusion_builder_row][fusion_builder_column type=&#8220;1_1&#8243; layout=&#8220;1_1&#8243; spacing=&#8220;&#8220; center_content=&#8220;no&#8220; link=&#8220;&#8220; target=&#8220;_self&#8220; min_height=&#8220;&#8220; hide_on_mobile=&#8220;small-visibility,medium-visibility,large-visibility&#8220; class=&#8220;&#8220; id=&#8220;&#8220; background_color=&#8220;&#8220; background_image=&#8220;&#8220; background_image_id=&#8220;&#8220; background_position=&#8220;left top&#8220; background_repeat=&#8220;no-repeat&#8220; hover_type=&#8220;none&#8220; border_size=&#8220;0&#8243; border_color=&#8220;&#8220; border_style=&#8220;solid&#8220; border_position=&#8220;all&#8220; border_radius=&#8220;&#8220; box_shadow=&#8220;no&#8220; dimension_box_shadow=&#8220;&#8220; box_shadow_blur=&#8220;0&#8243; box_shadow_spread=&#8220;0&#8243; box_shadow_color=&#8220;&#8220; box_shadow_style=&#8220;&#8220; padding_top=&#8220;&#8220; padding_right=&#8220;&#8220; padding_bottom=&#8220;&#8220; padding_left=&#8220;&#8220; margin_top=&#8220;&#8220; margin_bottom=&#8220;&#8220; animation_type=&#8220;&#8220; animation_direction=&#8220;left&#8220; animation_speed=&#8220;0.3&#8243; animation_offset=&#8220;&#8220; last=&#8220;no&#8220;][fusion_global id=&#8220;337&#8243;][fusion_title hide_on_mobile=&#8220;small-visibility,medium-visibility,large-visibility&#8220; class=&#8220;&#8220; id=&#8220;&#8220; content_align=&#8220;center&#8220; size=&#8220;1&#8243; font_size=&#8220;&#8220; line_height=&#8220;&#8220; letter_spacing=&#8220;&#8220; margin_top=&#8220;&#8220; margin_bottom=&#8220;100px&#8220; margin_top_mobile=&#8220;&#8220; margin_bottom_mobile=&#8220;50px&#8220; text_color=&#8220;&#8220; style_type=&#8220;none&#8220; sep_color=&#8220;&#8220;]<\/p>\n<p>Angebote<\/p>\n<p>[\/fusion_title][\/fusion_builder_column][fusion_builder_column type=&#8220;1_3&#8243; layout=&#8220;1_5&#8243; spacing=&#8220;&#8220; center_content=&#8220;no&#8220; link=&#8220;&#8220; target=&#8220;_self&#8220; min_height=&#8220;&#8220; hide_on_mobile=&#8220;small-visibility,medium-visibility,large-visibility&#8220; class=&#8220;&#8220; id=&#8220;&#8220; background_color=&#8220;&#8220; background_image=&#8220;&#8220; background_image_id=&#8220;&#8220; background_position=&#8220;left top&#8220; background_repeat=&#8220;no-repeat&#8220; hover_type=&#8220;none&#8220; border_size=&#8220;0&#8243; border_color=&#8220;&#8220; border_style=&#8220;solid&#8220; border_position=&#8220;all&#8220; border_radius=&#8220;&#8220; box_shadow=&#8220;no&#8220; dimension_box_shadow=&#8220;&#8220; box_shadow_blur=&#8220;0&#8243; box_shadow_spread=&#8220;0&#8243; box_shadow_color=&#8220;&#8220; box_shadow_style=&#8220;&#8220; padding_top=&#8220;&#8220; padding_right=&#8220;&#8220; padding_bottom=&#8220;&#8220; padding_left=&#8220;&#8220; margin_top=&#8220;&#8220; margin_bottom=&#8220;&#8220; animation_type=&#8220;&#8220; animation_direction=&#8220;left&#8220; animation_speed=&#8220;0.3&#8243; animation_offset=&#8220;&#8220; last=&#8220;no&#8220;][fusion_title hide_on_mobile=&#8220;small-visibility,medium-visibility,large-visibility&#8220; class=&#8220;&#8220; id=&#8220;&#8220; content_align=&#8220;left&#8220; size=&#8220;2&#8243; font_size=&#8220;&#8220; line_height=&#8220;&#8220; letter_spacing=&#8220;&#8220; margin_top=&#8220;&#8220; margin_bottom=&#8220;&#8220; margin_top_mobile=&#8220;&#8220; margin_bottom_mobile=&#8220;&#8220; text_color=&#8220;&#8220; style_type=&#8220;default&#8220; sep_color=&#8220;#d8d6d6&#8243;]<\/p>\n<p>Hochzeiten<\/p>\n<p>[\/fusion_title][fusion_text columns=&#8220;&#8220; column_min_width=&#8220;&#8220; column_spacing=&#8220;&#8220; rule_style=&#8220;default&#8220; rule_size=&#8220;&#8220; rule_color=&#8220;&#8220; hide_on_mobile=&#8220;small-visibility,medium-visibility,large-visibility&#8220; class=&#8220;&#8220; id=&#8220;&#8220;]<\/p>\n<p>Sie kennen jemanden, der bald heiratet und noch einen Fotografen sucht? Dann sind Sie bei mir genau richtig. Stellen Sie im pers\u00f6nlichen Gespr\u00e4ch das passende Paket zusammen &#8211; bei mir gibt es f\u00fcr jedes Budget tolle Erinnerungen.<\/p>\n<p>[\/fusion_text][\/fusion_builder_column][fusion_builder_column type=&#8220;1_3&#8243; layout=&#8220;1_5&#8243; spacing=&#8220;&#8220; center_content=&#8220;no&#8220; link=&#8220;&#8220; target=&#8220;_self&#8220; min_height=&#8220;&#8220; hide_on_mobile=&#8220;small-visibility,medium-visibility,large-visibility&#8220; class=&#8220;&#8220; id=&#8220;&#8220; background_color=&#8220;&#8220; background_image=&#8220;&#8220; background_image_id=&#8220;&#8220; background_position=&#8220;left top&#8220; background_repeat=&#8220;no-repeat&#8220; hover_type=&#8220;none&#8220; border_size=&#8220;0&#8243; border_color=&#8220;&#8220; border_style=&#8220;solid&#8220; border_position=&#8220;all&#8220; border_radius=&#8220;&#8220; box_shadow=&#8220;no&#8220; dimension_box_shadow=&#8220;&#8220; box_shadow_blur=&#8220;0&#8243; box_shadow_spread=&#8220;0&#8243; box_shadow_color=&#8220;&#8220; box_shadow_style=&#8220;&#8220; padding_top=&#8220;&#8220; padding_right=&#8220;&#8220; padding_bottom=&#8220;&#8220; padding_left=&#8220;&#8220; margin_top=&#8220;&#8220; margin_bottom=&#8220;&#8220; animation_type=&#8220;&#8220; animation_direction=&#8220;left&#8220; animation_speed=&#8220;0.3&#8243; animation_offset=&#8220;&#8220; last=&#8220;no&#8220;][fusion_title hide_on_mobile=&#8220;small-visibility,medium-visibility,large-visibility&#8220; class=&#8220;&#8220; id=&#8220;&#8220; content_align=&#8220;left&#8220; size=&#8220;2&#8243; font_size=&#8220;&#8220; line_height=&#8220;&#8220; letter_spacing=&#8220;&#8220; margin_top=&#8220;&#8220; margin_bottom=&#8220;&#8220; margin_top_mobile=&#8220;&#8220; margin_bottom_mobile=&#8220;&#8220; text_color=&#8220;&#8220; style_type=&#8220;default&#8220; sep_color=&#8220;#d8d6d6&#8243;]<\/p>\n<p>Familien<\/p>\n<p>[\/fusion_title][fusion_text columns=&#8220;&#8220; column_min_width=&#8220;&#8220; column_spacing=&#8220;&#8220; rule_style=&#8220;default&#8220; rule_size=&#8220;&#8220; rule_color=&#8220;&#8220; hide_on_mobile=&#8220;small-visibility,medium-visibility,large-visibility&#8220; class=&#8220;&#8220; id=&#8220;&#8220;]<\/p>\n<p>Schon lange den Wunsch, die eigene Familie auf ein Bild zu bringen, wo alle strahlen? Dann sind Sie bei mir richtig &#8211; ich bringe Sie und Ihre Familienmitglieder zum Lachen und passe das Shooting ganz an Ihre Bed\u00fcrfnisse an.<\/p>\n<p>[\/fusion_text][\/fusion_builder_column][fusion_builder_column type=&#8220;1_3&#8243; layout=&#8220;1_5&#8243; spacing=&#8220;&#8220; center_content=&#8220;no&#8220; link=&#8220;&#8220; target=&#8220;_self&#8220; min_height=&#8220;&#8220; hide_on_mobile=&#8220;small-visibility,medium-visibility,large-visibility&#8220; class=&#8220;&#8220; id=&#8220;&#8220; background_color=&#8220;&#8220; background_image=&#8220;&#8220; background_image_id=&#8220;&#8220; background_position=&#8220;left top&#8220; background_repeat=&#8220;no-repeat&#8220; hover_type=&#8220;none&#8220; border_size=&#8220;0&#8243; border_color=&#8220;&#8220; border_style=&#8220;solid&#8220; border_position=&#8220;all&#8220; border_radius=&#8220;&#8220; box_shadow=&#8220;no&#8220; dimension_box_shadow=&#8220;&#8220; box_shadow_blur=&#8220;0&#8243; box_shadow_spread=&#8220;0&#8243; box_shadow_color=&#8220;&#8220; box_shadow_style=&#8220;&#8220; padding_top=&#8220;&#8220; padding_right=&#8220;&#8220; padding_bottom=&#8220;&#8220; padding_left=&#8220;&#8220; margin_top=&#8220;&#8220; margin_bottom=&#8220;&#8220; animation_type=&#8220;&#8220; animation_direction=&#8220;left&#8220; animation_speed=&#8220;0.3&#8243; animation_offset=&#8220;&#8220; last=&#8220;no&#8220;][fusion_title hide_on_mobile=&#8220;small-visibility,medium-visibility,large-visibility&#8220; class=&#8220;&#8220; id=&#8220;&#8220; content_align=&#8220;left&#8220; size=&#8220;2&#8243; font_size=&#8220;&#8220; line_height=&#8220;&#8220; letter_spacing=&#8220;&#8220; margin_top=&#8220;&#8220; margin_bottom=&#8220;&#8220; margin_top_mobile=&#8220;&#8220; margin_bottom_mobile=&#8220;&#8220; text_color=&#8220;&#8220; style_type=&#8220;default&#8220; sep_color=&#8220;#d8d6d6&#8243;]<\/p>\n<p>Events<\/p>\n<p>[\/fusion_title][fusion_text columns=&#8220;&#8220; column_min_width=&#8220;&#8220; column_spacing=&#8220;&#8220; rule_style=&#8220;default&#8220; rule_size=&#8220;&#8220; rule_color=&#8220;&#8220; hide_on_mobile=&#8220;small-visibility,medium-visibility,large-visibility&#8220; class=&#8220;&#8220; id=&#8220;&#8220;]<\/p>\n<p>Egal ob Party, Ausflug, Taufe &#8230; ich begleite Sie, solange Sie wollen und dokumentiere Ihre Momente. Sie erhalten Bilder voller Emotionen, lebendige Erinnerungen an sch\u00f6ne Augenblicke.<\/p>\n<p>[\/fusion_text][\/fusion_builder_column][fusion_builder_column type=&#8220;1_1&#8243; layout=&#8220;1_1&#8243; spacing=&#8220;&#8220; center_content=&#8220;no&#8220; link=&#8220;&#8220; target=&#8220;_self&#8220; min_height=&#8220;&#8220; hide_on_mobile=&#8220;small-visibility,medium-visibility,large-visibility&#8220; class=&#8220;&#8220; id=&#8220;&#8220; background_image_id=&#8220;&#8220; background_color=&#8220;&#8220; background_image=&#8220;&#8220; background_position=&#8220;left top&#8220; undefined=&#8220;&#8220; background_repeat=&#8220;no-repeat&#8220; hover_type=&#8220;none&#8220; border_size=&#8220;0&#8243; border_color=&#8220;&#8220; border_style=&#8220;solid&#8220; border_position=&#8220;all&#8220; border_radius_top_left=&#8220;&#8220; border_radius_top_right=&#8220;&#8220; border_radius_bottom_left=&#8220;&#8220; border_radius_bottom_right=&#8220;&#8220; box_shadow=&#8220;no&#8220; box_shadow_vertical=&#8220;&#8220; box_shadow_horizontal=&#8220;&#8220; box_shadow_blur=&#8220;0&#8243; box_shadow_spread=&#8220;0&#8243; box_shadow_color=&#8220;&#8220; box_shadow_style=&#8220;&#8220; padding_top=&#8220;&#8220; padding_right=&#8220;&#8220; padding_bottom=&#8220;&#8220; padding_left=&#8220;&#8220; margin_top=&#8220;&#8220; margin_bottom=&#8220;0px&#8220; animation_type=&#8220;&#8220; animation_direction=&#8220;left&#8220; animation_speed=&#8220;0.3&#8243; animation_offset=&#8220;&#8220; last=&#8220;no&#8220;][fusion_global id=&#8220;337&#8243;][fusion_section_separator divider_type=&#8220;horizon&#8220; divider_position=&#8220;right&#8220; divider_candy=&#8220;top&#8220; icon=&#8220;&#8220; icon_color=&#8220;&#8220; bordersize=&#8220;&#8220; bordercolor=&#8220;&#8220; backgroundcolor=&#8220;#000000&#8243; hide_on_mobile=&#8220;small-visibility,medium-visibility,large-visibility&#8220; class=&#8220;&#8220; id=&#8220;&#8220; \/][\/fusion_builder_column][\/fusion_builder_row][\/fusion_builder_container][fusion_builder_container admin_label=&#8220;Galerie&#8220; hundred_percent=&#8220;no&#8220; hundred_percent_height=&#8220;no&#8220; hundred_percent_height_scroll=&#8220;no&#8220; hundred_percent_height_center_content=&#8220;yes&#8220; equal_height_columns=&#8220;no&#8220; menu_anchor=&#8220;Galerie&#8220; hide_on_mobile=&#8220;small-visibility,medium-visibility,large-visibility&#8220; status=&#8220;published&#8220; publish_date=&#8220;&#8220; class=&#8220;&#8220; id=&#8220;&#8220; background_color=&#8220;&#8220; background_image=&#8220;&#8220; background_position=&#8220;center center&#8220; background_repeat=&#8220;no-repeat&#8220; fade=&#8220;no&#8220; background_parallax=&#8220;none&#8220; enable_mobile=&#8220;no&#8220; parallax_speed=&#8220;0.3&#8243; video_mp4=&#8220;&#8220; video_webm=&#8220;&#8220; video_ogv=&#8220;&#8220; video_url=&#8220;&#8220; video_aspect_ratio=&#8220;16:9&#8243; video_loop=&#8220;yes&#8220; video_mute=&#8220;yes&#8220; video_preview_image=&#8220;&#8220; border_size=&#8220;&#8220; border_color=&#8220;&#8220; border_style=&#8220;solid&#8220; margin_top=&#8220;&#8220; margin_bottom=&#8220;&#8220; padding_top=&#8220;&#8220; padding_right=&#8220;&#8220; padding_bottom=&#8220;&#8220; padding_left=&#8220;&#8220;][fusion_builder_row][fusion_builder_column type=&#8220;1_1&#8243; layout=&#8220;3_5&#8243; spacing=&#8220;&#8220; center_content=&#8220;no&#8220; link=&#8220;&#8220; target=&#8220;_self&#8220; min_height=&#8220;&#8220; hide_on_mobile=&#8220;small-visibility,medium-visibility,large-visibility&#8220; class=&#8220;&#8220; id=&#8220;&#8220; background_image_id=&#8220;&#8220; background_color=&#8220;#000000&#8243; background_image=&#8220;&#8220; background_position=&#8220;left top&#8220; undefined=&#8220;&#8220; background_repeat=&#8220;no-repeat&#8220; hover_type=&#8220;none&#8220; border_size=&#8220;0&#8243; border_color=&#8220;&#8220; border_style=&#8220;solid&#8220; border_position=&#8220;all&#8220; border_radius_top_left=&#8220;&#8220; border_radius_top_right=&#8220;&#8220; border_radius_bottom_left=&#8220;&#8220; border_radius_bottom_right=&#8220;&#8220; box_shadow=&#8220;no&#8220; box_shadow_vertical=&#8220;&#8220; box_shadow_horizontal=&#8220;&#8220; box_shadow_blur=&#8220;0&#8243; box_shadow_spread=&#8220;0&#8243; box_shadow_color=&#8220;&#8220; box_shadow_style=&#8220;&#8220; padding_top=&#8220;&#8220; padding_right=&#8220;&#8220; padding_bottom=&#8220;&#8220; padding_left=&#8220;&#8220; margin_top=&#8220;&#8220; margin_bottom=&#8220;&#8220; animation_type=&#8220;&#8220; animation_direction=&#8220;left&#8220; animation_speed=&#8220;0.3&#8243; animation_offset=&#8220;&#8220; last=&#8220;no&#8220;][fusion_global id=&#8220;337&#8243;][fusion_gallery layout=&#8220;&#8220; picture_size=&#8220;&#8220; columns=&#8220;&#8220; column_spacing=&#8220;1&#8243; gallery_masonry_grid_ratio=&#8220;&#8220; gallery_masonry_width_double=&#8220;&#8220; hover_type=&#8220;zoomin&#8220; lightbox=&#8220;yes&#8220; lightbox_content=&#8220;&#8220; bordersize=&#8220;&#8220; bordercolor=&#8220;&#8220; border_radius=&#8220;&#8220; hide_on_mobile=&#8220;small-visibility,medium-visibility,large-visibility&#8220; class=&#8220;&#8220; id=&#8220;&#8220;][fusion_gallery_image image=&#8220;https:\/\/www.seewee.ch\/wp-content\/uploads\/2013\/05\/pv51-450&#215;300.jpg&#8220; image_id=&#8220;233|medium&#8220; link=&#8220;&#8220; linktarget=&#8220;_self&#8220; \/][fusion_gallery_image image=&#8220;https:\/\/www.seewee.ch\/wp-content\/uploads\/2011\/09\/sc16-449&#215;300.jpg&#8220; image_id=&#8220;173|medium&#8220; link=&#8220;&#8220; linktarget=&#8220;_self&#8220; \/][fusion_gallery_image image=&#8220;https:\/\/www.seewee.ch\/wp-content\/uploads\/2011\/03\/sc44-449&#215;300.jpg&#8220; image_id=&#8220;164|medium&#8220; link=&#8220;&#8220; linktarget=&#8220;_self&#8220; \/][fusion_gallery_image image=&#8220;https:\/\/www.seewee.ch\/wp-content\/uploads\/2011\/03\/screenshot_763-451&#215;300.jpg&#8220; image_id=&#8220;68|medium&#8220; link=&#8220;&#8220; linktarget=&#8220;_self&#8220; \/][fusion_gallery_image image=&#8220;https:\/\/www.seewee.ch\/wp-content\/uploads\/2011\/02\/screenshot_672-563&#215;300.png&#8220; image_id=&#8220;72|medium&#8220; link=&#8220;&#8220; linktarget=&#8220;_self&#8220; \/][fusion_gallery_image image=&#8220;https:\/\/www.seewee.ch\/wp-content\/uploads\/2011\/02\/Hochzeiten-450&#215;300.jpg&#8220; image_id=&#8220;59|medium&#8220; link=&#8220;&#8220; linktarget=&#8220;_self&#8220; \/][\/fusion_gallery][fusion_global id=&#8220;337&#8243;][\/fusion_builder_column][\/fusion_builder_row][\/fusion_builder_container]<\/p>\n","protected":false},"excerpt":{"rendered":"<p>[fusion_builder_container hundred_percent=&#8220;no&#8220; hundred_percent_height=&#8220;no&#8220; hundred_percent_height_scroll=&#8220;no&#8220; hundred_percent_height_center_content=&#8220;yes&#8220; equal_height_columns=&#8220;no&#8220; menu_anchor=&#8220;&#8220; hide_on_mobile=&#8220;small-visibility,medium-visibility,large-visibility&#8220; status=&#8220;published&#8220; publish_date=&#8220;&#8220; class=&#8220;&#8220; id=&#8220;&#8220; background_color=&#8220;&#8220; background_image=&#8220;&#8220; background_position=&#8220;center center&#8220; background_repeat=&#8220;no-repeat&#8220; fade=&#8220;no&#8220; background_parallax=&#8220;none&#8220; enable_mobile=&#8220;no&#8220; parallax_speed=&#8220;0.3&#8243; video_mp4=&#8220;&#8220; video_webm=&#8220;&#8220; video_ogv=&#8220;&#8220; video_url=&#8220;&#8220; video_aspect_ratio=&#8220;16:9&#8243; video_loop=&#8220;yes&#8220; video_mute=&#8220;yes&#8220; video_preview_image=&#8220;&#8220; border_size=&#8220;&#8220; border_color=&#8220;&#8220; border_style=&#8220;solid&#8220; margin_top=&#8220;&#8220; margin_bottom=&#8220;&#8220; padding_top=&#8220;&#8220; padding_right=&#8220;&#8220; padding_bottom=&#8220;&#8220; padding_left=&#8220;&#8220; admin_label=&#8220;Blickfang&#8220;][fusion_builder_row][fusion_builder_column type=&#8220;1_1&#8243; layout=&#8220;1_1&#8243; spacing=&#8220;&#8220; center_content=&#8220;no&#8220; link=&#8220;&#8220; target=&#8220;_self&#8220; min_height=&#8220;&#8220; hide_on_mobile=&#8220;small-visibility,medium-visibility,large-visibility&#8220; class=&#8220;&#8220; id=&#8220;&#8220; background_image_id=&#8220;&#8220; background_color=&#8220;&#8220; background_image=&#8220;&#8220; background_position=&#8220;left top&#8220; undefined=&#8220;&#8220; [&hellip;]<\/p>\n","protected":false},"author":1,"featured_media":0,"parent":0,"menu_order":0,"comment_status":"closed","ping_status":"closed","template":"100-width.php","meta":{"jetpack_post_was_ever_published":false,"footnotes":""},"class_list":["post-305","page","type-page","status-publish","hentry"],"jetpack_sharing_enabled":true,"jetpack_shortlink":"https:\/\/wp.me\/P7JmAn-4V","jetpack-related-posts":[],"_links":{"self":[{"href":"https:\/\/www.seewee.ch\/index.php?rest_route=\/wp\/v2\/pages\/305","targetHints":{"allow":["GET"]}}],"collection":[{"href":"https:\/\/www.seewee.ch\/index.php?rest_route=\/wp\/v2\/pages"}],"about":[{"href":"https:\/\/www.seewee.ch\/index.php?rest_route=\/wp\/v2\/types\/page"}],"author":[{"embeddable":true,"href":"https:\/\/www.seewee.ch\/index.php?rest_route=\/wp\/v2\/users\/1"}],"replies":[{"embeddable":true,"href":"https:\/\/www.seewee.ch\/index.php?rest_route=%2Fwp%2Fv2%2Fcomments&post=305"}],"version-history":[{"count":49,"href":"https:\/\/www.seewee.ch\/index.php?rest_route=\/wp\/v2\/pages\/305\/revisions"}],"predecessor-version":[{"id":379,"href":"https:\/\/www.seewee.ch\/index.php?rest_route=\/wp\/v2\/pages\/305\/revisions\/379"}],"wp:attachment":[{"href":"https:\/\/www.seewee.ch\/index.php?rest_route=%2Fwp%2Fv2%2Fmedia&parent=305"}],"curies":[{"name":"wp","href":"https:\/\/api.w.org\/{rel}","templated":true}]}}